{"id":24,"date":"2016-10-13T09:45:30","date_gmt":"2016-10-13T09:45:30","guid":{"rendered":"http:\/\/www.csf-funk.de\/wordpress\/?page_id=24"},"modified":"2020-10-12T15:41:49","modified_gmt":"2020-10-12T15:41:49","slug":"beratung-schulung","status":"publish","type":"page","link":"https:\/\/www.csf-funk.de\/wordpress\/?page_id=24","title":{"rendered":"Beratung &#038; Schulung"},"content":{"rendered":"<ul>\n<li><span style=\"color: #999999;\"><strong>Sie wollen ihre Mitarbeiter(-innen) im Umgang mit der B\u00fcrosoftware MS Word , MS Excel , MS PowerPoint fortbilden?<\/strong><\/span><\/li>\n<li><span style=\"color: #999999;\"><strong>Sie suchen individuelle Datenbankl\u00f6sungen f\u00fcr ihr Unternehmen ?<\/strong><\/span><\/li>\n<\/ul>\n<div>Dann profitieren sie von unseren jahrelangen Erfahrungen im Bereich der Erwachsenenfortbildung.<\/div>\n<div>In Zusammenarbeit mir der VHS RUR EIFEL k\u00f6nnen Sie bei uns individuell abgestimmte Schulungen f\u00fcr Ihr Gewerbe buchen. Wenn&nbsp; Sie m\u00f6chten kommen wir mit einer mobilen Unterrichtsplattform (Notebooks , Beamer etc..) zu Ihnen und stimmen das Fortbildungsprogramm auf Ihre Bed\u00fcrfnisse ab.<\/div>\n<div><\/div>\n<div><span style=\"color: #ff0000;\">Sprechen Sie uns einfach an oder senden Sie uns eine <a href=\"https:\/\/www.csf-funk.de\/wordpress\/?page_id=20\">Nachricht<\/a>&#8230;<\/span><\/div>\n<div><\/div>\n<div><strong>Dar\u00fcber hinaus k\u00f6nne Sie gerne auch&nbsp;unsere Themen im Rahmen eines VHS Kurses &nbsp;kennenlernen.<\/strong><\/div>\n<div><\/div>\n<div class=\"steuerelemente\">Alle aktuellen Kurse mit der VHS RUR EIFEL und noch mehr Detailinformationen finden sie jeweils aktuell unter: <a href=\"http:\/\/www.vhs-rur-eifel.de\">http:\/\/www.vhs-rur-eifel.de&nbsp;&nbsp;<\/a>Dort k\u00f6nnen Sie sich auch f\u00fcr die Kurse anmelden.<\/div>\n<div>Telefon: 02421 25-2577<\/div>\n<div class=\"steuerelemente\"><\/div>\n<div><\/div>\n<div><\/div>\n<div><u><span style=\"color: #0066cc;\">Programmieren in MS Access (VBA)<\/span><\/u><\/div>\n<div>In diesem Workshop lernen die Teilnehmer\/-innen den Umgang mit Visual Basic for Application (VBA) kennen. Anhand praktischer Beispiele werden n\u00fctzliche Module f\u00fcr eine MS Access Datenbankanwendung erstellt und analysiert. Der Kurs bietet sich als Erg\u00e4nzung zu Access Grundlagen oder f\u00fcr Teilnehmer\/-innen mit vorhandenen Grundkenntnissen in Access-, die mehr aus ihrer Datenbank machen wollen, an.<\/div>\n<div>\n<div class=\"col-md-3 col-sm-3 col-xs-12\"><\/div>\n<\/div>\n<div><\/div>\n<div><u><span style=\"color: #0066cc;\">Vortrags- und Pr\u00e4sentationstechnik<\/span><\/u><\/div>\n<div>\n<p>Die Teilnehmer\/-innen lernen und trainieren die Vermittlung von Themen durch einen interessanten Vortrag mit visueller Unterst\u00fctzung. Es werden sowohl Vortragstechniken erl\u00e4utert und trainiert, als auch die passende Pr\u00e4sentation mit MS PowerPoint vorbereitet. So lernen die Teilnehmer\/-innen verschiedene Pr\u00e4sentations- und Moderationsmethoden kennen und gestalten ihre Vortr\u00e4ge so, dass sie besonders gut in Erinnerung bleiben und ihre Zuh\u00f6rer (ob Vorgesetzter, Kunde, Projektteam o.\u00e4.) zu begeistern.<br \/>\nKursinhalte:<br \/>\nVorbereitung und visuelle Unterst\u00fctzung:<br \/>\n&#8211; Umgang mit MS PowerPoint<br \/>\n&#8211; Erstellen einer anschaulichen Pr\u00e4sentation<br \/>\n&#8211; Vermeidung klassischer Fehler<br \/>\n&#8211; Umgang mit Pr\u00e4sentationstechnik (Beamer, Tablet, Presenter)<\/p>\n<p>Ausstrahlung als Redner:<br \/>\n&#8211; selbstbewusstes Auftreten vor Gruppen<br \/>\n&#8211; Ausstrahlung von Gelassenheit entwickeln<br \/>\n&#8211; den eigenen, pers\u00f6nlichen Stil entwickeln<\/p>\n<p>\u00dcberzeugungskraft:<br \/>\n&#8211; anschauliche Argumentation<br \/>\n&#8211; verschiedene Pr\u00e4sentations- und Moderationsmethoden kennen lernen, um diese dann gezielt einsetzen zu k\u00f6nnen<br \/>\n&#8211; Vortr\u00e4ge so gestalten, dass Sie besonders gut in Erinnerung bleiben<br \/>\n&#8211; Methoden kennen lernen und ausprobieren<br \/>\n&#8211; die richtige Vorbereitung<\/p>\n<p>Umgang mit Nervosit\u00e4t:<br \/>\n&#8211; Ursachen von Lampenfieber entdecken und ausr\u00e4umen<br \/>\n&#8211; Tipps und Tricks, die sofort umsetzbar sind<\/p>\n<p>Zielgruppe:<br \/>\nAlle Personen, die vor einem Publikum pr\u00e4sentieren oder eine Gruppe moderieren m\u00fcssen oder wollen. Zielgruppenspezifische Ausrichtung der Inhalte m\u00f6glich.<\/p>\n<\/div>\n<div>\n<div class=\"col-md-9 col-sm-9 col-xs-12\"><\/div>\n<\/div>\n<div><\/div>\n<div><u><span style=\"color: #0066cc;\">Organisieren mit MS Outlook<\/span><\/u><\/div>\n<div>MS Outlook aus dem Office Paket kann mehr als nur Mails senden und empfangen. In dem Workshop lernen Sie praktisch die vielen M\u00f6glichkeiten dieses Programms kennen. Organisieren Sie ihren Mailverkehr und ihre Termine einfacher und effektiver.<\/div>\n<div>\n<div class=\"clearfix\"><\/div>\n<div><\/div>\n<\/div>\n<div><u><span style=\"color: #0066cc;\">Die eigene Datenbank mit MS Access 2013<\/span><\/u><\/div>\n<div>Die Teilnehmer\/-innen lernen an einem Wochenende die M\u00f6glichkeiten und die Oberfl\u00e4che von MS Access kennen. Mit diesem Programm lassen sich auch umfangreiche Daten auswerten und eigene Eingabemasken komfortabel erstellen<\/div>\n<div>\n<div class=\"clearfix\"><\/div>\n<\/div>\n<div><\/div>\n<div><u><span style=\"color: #0066cc;\">Programmieren in MS Access (VBA)<\/span><\/u><\/div>\n<div>\n<div class=\"col-md-9 col-sm-9 col-xs-12\"><\/div>\n<\/div>\n<div class=\"steuerelemente\"><\/div>\n","protected":false},"excerpt":{"rendered":"<p>Sie wollen ihre Mitarbeiter(-innen) im Umgang mit der B\u00fcrosoftware MS Word , MS Excel , MS PowerPoint fortbilden? Sie suchen individuelle Datenbankl\u00f6sungen f\u00fcr ihr Unternehmen ? Dann profitieren sie von &#8230;<\/p>\n","protected":false},"author":2,"featured_media":0,"parent":0,"menu_order":0,"comment_status":"closed","ping_status":"closed","template":"","meta":{"footnotes":""},"class_list":["post-24","page","type-page","status-publish","hentry"],"jetpack_sharing_enabled":true,"_links":{"self":[{"href":"https:\/\/www.csf-funk.de\/wordpress\/index.php?rest_route=\/wp\/v2\/pages\/24","targetHints":{"allow":["GET"]}}],"collection":[{"href":"https:\/\/www.csf-funk.de\/wordpress\/index.php?rest_route=\/wp\/v2\/pages"}],"about":[{"href":"https:\/\/www.csf-funk.de\/wordpress\/index.php?rest_route=\/wp\/v2\/types\/page"}],"author":[{"embeddable":true,"href":"https:\/\/www.csf-funk.de\/wordpress\/index.php?rest_route=\/wp\/v2\/users\/2"}],"replies":[{"embeddable":true,"href":"https:\/\/www.csf-funk.de\/wordpress\/index.php?rest_route=%2Fwp%2Fv2%2Fcomments&post=24"}],"version-history":[{"count":11,"href":"https:\/\/www.csf-funk.de\/wordpress\/index.php?rest_route=\/wp\/v2\/pages\/24\/revisions"}],"predecessor-version":[{"id":141,"href":"https:\/\/www.csf-funk.de\/wordpress\/index.php?rest_route=\/wp\/v2\/pages\/24\/revisions\/141"}],"wp:attachment":[{"href":"https:\/\/www.csf-funk.de\/wordpress\/index.php?rest_route=%2Fwp%2Fv2%2Fmedia&parent=24"}],"curies":[{"name":"wp","href":"https:\/\/api.w.org\/{rel}","templated":true}]}}